{"id":3870,"date":"2023-06-07T10:13:57","date_gmt":"2023-06-07T08:13:57","guid":{"rendered":"https:\/\/lautrerives.comete-prod.com\/index.php\/contact-access\/"},"modified":"2024-02-05T16:22:42","modified_gmt":"2024-02-05T15:22:42","slug":"contact-access","status":"publish","type":"page","link":"https:\/\/lautrerives.comete-prod.com\/en\/contact-access\/","title":{"rendered":"Contact &amp; access"},"content":{"rendered":"\t\t<div data-elementor-type=\"wp-page\" data-elementor-id=\"3870\" class=\"elementor elementor-3870 elementor-2334\">\n\t\t\t\t\t\t<div class=\"elementor-inner\">\n\t\t\t\t<div class=\"elementor-section-wrap\">\n\t\t\t\t\t\t\t\t\t<section class=\"elementor-section elementor-top-section elementor-element elementor-element-7a7f7d99 elementor-section-full_width elementor-section-height-min-height elementor-section-items-top elementor-section-height-default\" data-id=\"7a7f7d99\" data-element_type=\"section\" data-settings=\"{&quot;background_background&quot;:&quot;gradient&quot;}\">\n\t\t\t\t\t\t\t<div class=\"elementor-background-overlay\"><\/div>\n\t\t\t\t\t\t\t<div class=\"elementor-container elementor-column-gap-default\">\n\t\t\t\t\t\t\t<div class=\"elementor-row\">\n\t\t\t\t\t<div class=\"elementor-column elementor-col-100 elementor-top-column elementor-element elementor-element-20fea791\" data-id=\"20fea791\" data-element_type=\"column\" data-settings=\"{&quot;background_background&quot;:&quot;classic&quot;}\" data-e-bg-lazyload=\".elementor-element-populated\">\n\t\t\t<div class=\"elementor-column-wrap elementor-element-populated\">\n\t\t\t\t\t\t\t<div class=\"elementor-widget-wrap\">\n\t\t\t\t\t\t<div class=\"elementor-element elementor-element-f449990 animated-slow elementor-invisible elementor-widget elementor-widget-theme-site-logo elementor-widget-image\" data-id=\"f449990\" data-element_type=\"widget\" data-settings=\"{&quot;_animation&quot;:&quot;zoomIn&quot;}\" data-widget_type=\"theme-site-logo.default\">\n\t\t\t\t<div class=\"elementor-widget-container\">\n\t\t\t\t\t\t\t\t<div class=\"elementor-image\">\n\t\t\t\t\t\t\t\t<a href=\"https:\/\/lautrerives.comete-prod.com\/en\/\">\n\t\t\t<img fetchpriority=\"high\" decoding=\"async\" width=\"298\" height=\"200\" src=\"https:\/\/lautrerives.comete-prod.com\/wp-content\/uploads\/2023\/04\/lautre-rives-logo-chambre-d-hotes-albi.png\" class=\"attachment-large size-large wp-image-403\" alt=\"\" \/>\t\t\t\t<\/a>\n\t\t\t\t\t\t\t\t\t\t<\/div>\n\t\t\t\t\t\t<\/div>\n\t\t\t\t<\/div>\n\t\t\t\t\t\t<\/div>\n\t\t\t\t\t<\/div>\n\t\t<\/div>\n\t\t\t\t\t\t\t\t<\/div>\n\t\t\t\t\t<\/div>\n\t\t<\/section>\n\t\t\t\t<section class=\"elementor-section elementor-top-section elementor-element elementor-element-91ed229 elementor-section-boxed elementor-section-height-default elementor-section-height-default\" data-id=\"91ed229\" data-element_type=\"section\" data-settings=\"{&quot;background_background&quot;:&quot;classic&quot;}\">\n\t\t\t\t\t\t<div class=\"elementor-container elementor-column-gap-default\">\n\t\t\t\t\t\t\t<div class=\"elementor-row\">\n\t\t\t\t\t<div class=\"elementor-column elementor-col-100 elementor-top-column elementor-element elementor-element-0c70bfc\" data-id=\"0c70bfc\" data-element_type=\"column\">\n\t\t\t<div class=\"elementor-column-wrap\">\n\t\t\t\t\t\t\t<div class=\"elementor-widget-wrap\">\n\t\t\t\t\t\t\t\t<\/div>\n\t\t\t\t\t<\/div>\n\t\t<\/div>\n\t\t\t\t\t\t\t\t<\/div>\n\t\t\t\t\t<\/div>\n\t\t<\/section>\n\t\t\t\t<section class=\"elementor-section elementor-top-section elementor-element elementor-element-78336cc elementor-section-full_width elementor-section-content-middle elementor-section-height-default elementor-section-height-default\" data-id=\"78336cc\" data-element_type=\"section\" data-settings=\"{&quot;background_background&quot;:&quot;gradient&quot;}\">\n\t\t\t\t\t\t<div class=\"elementor-container elementor-column-gap-default\">\n\t\t\t\t\t\t\t<div class=\"elementor-row\">\n\t\t\t\t\t<div class=\"elementor-column elementor-col-100 elementor-top-column elementor-element elementor-element-afcc915\" data-id=\"afcc915\" data-element_type=\"column\">\n\t\t\t<div class=\"elementor-column-wrap elementor-element-populated\">\n\t\t\t\t\t\t\t<div class=\"elementor-widget-wrap\">\n\t\t\t\t\t\t<div class=\"elementor-element elementor-element-026077a animated-slow elementor-invisible elementor-widget elementor-widget-heading\" data-id=\"026077a\" data-element_type=\"widget\" data-settings=\"{&quot;_animation&quot;:&quot;fadeInDown&quot;}\" data-widget_type=\"heading.default\">\n\t\t\t\t<div class=\"elementor-widget-container\">\n\t\t\t<h1 class=\"elementor-heading-title elementor-size-default\">Contact &amp; access<\/h1>\t\t<\/div>\n\t\t\t\t<\/div>\n\t\t\t\t<div class=\"elementor-element elementor-element-704e817 elementor-mobile-align-center elementor-icon-list--layout-traditional elementor-list-item-link-full_width elementor-widget elementor-widget-icon-list\" data-id=\"704e817\" data-element_type=\"widget\" data-widget_type=\"icon-list.default\">\n\t\t\t\t<div class=\"elementor-widget-container\">\n\t\t\t\t\t<ul class=\"elementor-icon-list-items\">\n\t\t\t\t\t\t\t<li class=\"elementor-icon-list-item\">\n\t\t\t\t\t\t\t\t\t\t\t<a href=\"tel:0675470151\">\n\n\t\t\t\t\t\t\t\t\t\t\t<span class=\"elementor-icon-list-text\">06-75-47-01-51<\/span>\n\t\t\t\t\t\t\t\t\t\t\t<\/a>\n\t\t\t\t\t\t\t\t\t<\/li>\n\t\t\t\t\t\t\t\t<li class=\"elementor-icon-list-item\">\n\t\t\t\t\t\t\t\t\t\t\t<a href=\"mailto:contact@lautrerives.com\">\n\n\t\t\t\t\t\t\t\t\t\t\t<span class=\"elementor-icon-list-text\">contact@lautrerives.com<\/span>\n\t\t\t\t\t\t\t\t\t\t\t<\/a>\n\t\t\t\t\t\t\t\t\t<\/li>\n\t\t\t\t\t\t<\/ul>\n\t\t\t\t<\/div>\n\t\t\t\t<\/div>\n\t\t\t\t<div class=\"elementor-element elementor-element-d03a77f elementor-mobile-align-center elementor-icon-list--layout-traditional elementor-list-item-link-full_width elementor-widget elementor-widget-icon-list\" data-id=\"d03a77f\" data-element_type=\"widget\" data-widget_type=\"icon-list.default\">\n\t\t\t\t<div class=\"elementor-widget-container\">\n\t\t\t\t\t<ul class=\"elementor-icon-list-items\">\n\t\t\t\t\t\t\t<li class=\"elementor-icon-list-item\">\n\t\t\t\t\t\t\t\t\t\t<span class=\"elementor-icon-list-text\">Isabelle Martial<\/span>\n\t\t\t\t\t\t\t\t\t<\/li>\n\t\t\t\t\t\t\t\t<li class=\"elementor-icon-list-item\">\n\t\t\t\t\t\t\t\t\t\t<span class=\"elementor-icon-list-text\">L'Autre Rives<\/span>\n\t\t\t\t\t\t\t\t\t<\/li>\n\t\t\t\t\t\t\t\t<li class=\"elementor-icon-list-item\">\n\t\t\t\t\t\t\t\t\t\t<span class=\"elementor-icon-list-text\">60 Rue de Cantepau<\/span>\n\t\t\t\t\t\t\t\t\t<\/li>\n\t\t\t\t\t\t\t\t<li class=\"elementor-icon-list-item\">\n\t\t\t\t\t\t\t\t\t\t<span class=\"elementor-icon-list-text\">81 000 Albi<\/span>\n\t\t\t\t\t\t\t\t\t<\/li>\n\t\t\t\t\t\t<\/ul>\n\t\t\t\t<\/div>\n\t\t\t\t<\/div>\n\t\t\t\t<div class=\"elementor-element elementor-element-bb762a9 elementor-mobile-align-center elementor-widget elementor-widget-button\" data-id=\"bb762a9\" data-element_type=\"widget\" data-widget_type=\"button.default\">\n\t\t\t\t<div class=\"elementor-widget-container\">\n\t\t\t\t\t<div class=\"elementor-button-wrapper\">\n\t\t\t<a class=\"elementor-button elementor-button-link elementor-size-sm\" href=\"https:\/\/goo.gl\/maps\/6DjeWGej8GRbxBfE8\" target=\"_blank\">\n\t\t\t\t\t\t<span class=\"elementor-button-content-wrapper\">\n\t\t\t\t\t\t<span class=\"elementor-button-text\">Find us<\/span>\n\t\t<\/span>\n\t\t\t\t\t<\/a>\n\t\t<\/div>\n\t\t\t\t<\/div>\n\t\t\t\t<\/div>\n\t\t\t\t\t\t<\/div>\n\t\t\t\t\t<\/div>\n\t\t<\/div>\n\t\t\t\t\t\t\t\t<\/div>\n\t\t\t\t\t<\/div>\n\t\t<\/section>\n\t\t\t\t<section class=\"elementor-section elementor-top-section elementor-element elementor-element-223a68c elementor-section-full_width elementor-section-content-top elementor-section-height-default elementor-section-height-default\" data-id=\"223a68c\" data-element_type=\"section\" data-settings=\"{&quot;background_background&quot;:&quot;gradient&quot;}\">\n\t\t\t\t\t\t<div class=\"elementor-container elementor-column-gap-default\">\n\t\t\t\t\t\t\t<div class=\"elementor-row\">\n\t\t\t\t\t<div class=\"elementor-column elementor-col-50 elementor-top-column elementor-element elementor-element-2d20da5\" data-id=\"2d20da5\" data-element_type=\"column\">\n\t\t\t<div class=\"elementor-column-wrap elementor-element-populated\">\n\t\t\t\t\t\t\t<div class=\"elementor-widget-wrap\">\n\t\t\t\t\t\t<div class=\"elementor-element elementor-element-199b6f8 elementor-button-align-stretch elementor-widget elementor-widget-form\" data-id=\"199b6f8\" data-element_type=\"widget\" data-settings=\"{&quot;step_next_label&quot;:&quot;Next&quot;,&quot;step_previous_label&quot;:&quot;Previous&quot;,&quot;button_width&quot;:&quot;100&quot;,&quot;step_type&quot;:&quot;number_text&quot;,&quot;step_icon_shape&quot;:&quot;circle&quot;}\" data-widget_type=\"form.default\">\n\t\t\t\t<div class=\"elementor-widget-container\">\n\t\t\t\t\t<form class=\"elementor-form\" method=\"post\" name=\"New form\">\n\t\t\t<input type=\"hidden\" name=\"post_id\" value=\"3870\"\/>\n\t\t\t<input type=\"hidden\" name=\"form_id\" value=\"199b6f8\"\/>\n\t\t\t<input type=\"hidden\" name=\"referer_title\" value=\"L&#039;Autre Rives\" \/>\n\n\t\t\t\n\t\t\t<div class=\"elementor-form-fields-wrapper elementor-labels-above\">\n\t\t\t\t\t\t\t\t<div class=\"elementor-field-type-text elementor-field-group elementor-column elementor-field-group-name elementor-col-100 elementor-field-required elementor-mark-required\">\n\t\t\t\t\t\t\t\t\t\t\t\t<label for=\"form-field-name\" class=\"elementor-field-label\">\n\t\t\t\t\t\t\t\tName and first name\t\t\t\t\t\t\t<\/label>\n\t\t\t\t\t\t\t\t\t\t\t\t\t\t<input size=\"1\" type=\"text\" name=\"form_fields[name]\" id=\"form-field-name\" class=\"elementor-field elementor-size-sm  elementor-field-textual\" placeholder=\"Name and first name\" required=\"required\" aria-required=\"true\">\n\t\t\t\t\t\t\t\t\t\t\t<\/div>\n\t\t\t\t\t\t\t\t<div class=\"elementor-field-type-email elementor-field-group elementor-column elementor-field-group-email elementor-col-100 elementor-field-required elementor-mark-required\">\n\t\t\t\t\t\t\t\t\t\t\t\t<label for=\"form-field-email\" class=\"elementor-field-label\">\n\t\t\t\t\t\t\t\tE-mail\t\t\t\t\t\t\t<\/label>\n\t\t\t\t\t\t\t\t\t\t\t\t\t\t<input size=\"1\" type=\"email\" name=\"form_fields[email]\" id=\"form-field-email\" class=\"elementor-field elementor-size-sm  elementor-field-textual\" placeholder=\"E-mail\" required=\"required\" aria-required=\"true\">\n\t\t\t\t\t\t\t\t\t\t\t<\/div>\n\t\t\t\t\t\t\t\t<div class=\"elementor-field-type-tel elementor-field-group elementor-column elementor-field-group-field_213c2a9 elementor-col-100 elementor-field-required elementor-mark-required\">\n\t\t\t\t\t\t\t\t\t\t\t\t<label for=\"form-field-field_213c2a9\" class=\"elementor-field-label\">\n\t\t\t\t\t\t\t\tTelephon\t\t\t\t\t\t\t<\/label>\n\t\t\t\t\t\t\t\t<input size=\"1\" type=\"tel\" name=\"form_fields[field_213c2a9]\" id=\"form-field-field_213c2a9\" class=\"elementor-field elementor-size-sm  elementor-field-textual\" placeholder=\"Telephon\" required=\"required\" aria-required=\"true\" pattern=\"[0-9()#&amp;+*-=.]+\" title=\"Only numbers and phone characters (#, -, *, etc) are accepted.\">\n\n\t\t\t\t\t\t<\/div>\n\t\t\t\t\t\t\t\t<div class=\"elementor-field-type-textarea elementor-field-group elementor-column elementor-field-group-message elementor-col-100\">\n\t\t\t\t\t\t\t\t\t\t\t\t<label for=\"form-field-message\" class=\"elementor-field-label\">\n\t\t\t\t\t\t\t\tMessage\t\t\t\t\t\t\t<\/label>\n\t\t\t\t\t\t<textarea class=\"elementor-field-textual elementor-field  elementor-size-sm\" name=\"form_fields[message]\" id=\"form-field-message\" rows=\"4\" placeholder=\"Message\"><\/textarea>\t\t\t\t<\/div>\n\t\t\t\t\t\t\t\t<div class=\"elementor-field-group elementor-column elementor-field-type-submit elementor-col-100 e-form__buttons\">\n\t\t\t\t\t<button type=\"submit\" class=\"elementor-button elementor-size-sm\">\n\t\t\t\t\t\t<span >\n\t\t\t\t\t\t\t\t\t\t\t\t\t\t\t<span class=\" elementor-button-icon\">\n\t\t\t\t\t\t\t\t\t\t\t\t\t\t\t\t\t\t\t\t\t\t\t\t\t\t<\/span>\n\t\t\t\t\t\t\t\t\t\t\t\t\t\t\t\t\t\t\t\t\t\t<span class=\"elementor-button-text\">Send<\/span>\n\t\t\t\t\t\t\t\t\t\t\t\t\t<\/span>\n\t\t\t\t\t<\/button>\n\t\t\t\t<\/div>\n\t\t\t<\/div>\n\t\t<\/form>\n\t\t\t\t<\/div>\n\t\t\t\t<\/div>\n\t\t\t\t\t\t<\/div>\n\t\t\t\t\t<\/div>\n\t\t<\/div>\n\t\t\t\t<div class=\"elementor-column elementor-col-50 elementor-top-column elementor-element elementor-element-0265183\" data-id=\"0265183\" data-element_type=\"column\">\n\t\t\t<div class=\"elementor-column-wrap elementor-element-populated\">\n\t\t\t\t\t\t\t<div class=\"elementor-widget-wrap\">\n\t\t\t\t\t\t<div class=\"elementor-element elementor-element-7f70ec1 elementor-widget__width-initial elementor-widget elementor-widget-google_maps\" data-id=\"7f70ec1\" data-element_type=\"widget\" data-widget_type=\"google_maps.default\">\n\t\t\t\t<div class=\"elementor-widget-container\">\n\t\t\t\t\t<div class=\"elementor-custom-embed\">\n\t\t\t<iframe loading=\"lazy\"\n\t\t\t\t\tsrc=\"https:\/\/maps.google.com\/maps?q=60%20Rue%20Cantepau%2C%2081000%20Albi&#038;t=m&#038;z=12&#038;output=embed&#038;iwloc=near\"\n\t\t\t\t\ttitle=\"60 Rue Cantepau, 81000 Albi\"\n\t\t\t\t\taria-label=\"60 Rue Cantepau, 81000 Albi\"\n\t\t\t><\/iframe>\n\t\t<\/div>\n\t\t\t\t<\/div>\n\t\t\t\t<\/div>\n\t\t\t\t\t\t<\/div>\n\t\t\t\t\t<\/div>\n\t\t<\/div>\n\t\t\t\t\t\t\t\t<\/div>\n\t\t\t\t\t<\/div>\n\t\t<\/section>\n\t\t\t\t<section class=\"elementor-section elementor-top-section elementor-element elementor-element-8c2e0d1 elementor-section-boxed elementor-section-height-default elementor-section-height-default\" data-id=\"8c2e0d1\" data-element_type=\"section\">\n\t\t\t\t\t\t<div class=\"elementor-container elementor-column-gap-default\">\n\t\t\t\t\t\t\t<div class=\"elementor-row\">\n\t\t\t\t\t<div class=\"elementor-column elementor-col-100 elementor-top-column elementor-element elementor-element-b475d93\" data-id=\"b475d93\" data-element_type=\"column\">\n\t\t\t<div class=\"elementor-column-wrap elementor-element-populated\">\n\t\t\t\t\t\t\t<div class=\"elementor-widget-wrap\">\n\t\t\t\t\t\t<div class=\"elementor-element elementor-element-1ae6d21 animated-slow elementor-invisible elementor-widget elementor-widget-heading\" data-id=\"1ae6d21\" data-element_type=\"widget\" data-settings=\"{&quot;_animation&quot;:&quot;fadeInDown&quot;}\" data-widget_type=\"heading.default\">\n\t\t\t\t<div class=\"elementor-widget-container\">\n\t\t\t<h2 class=\"elementor-heading-title elementor-size-default\">FOLLOW US !<\/h2>\t\t<\/div>\n\t\t\t\t<\/div>\n\t\t\t\t<div class=\"elementor-element elementor-element-7c569da elementor-icon-list--layout-inline elementor-align-center elementor-mobile-align-center elementor-list-item-link-full_width elementor-widget elementor-widget-icon-list\" data-id=\"7c569da\" data-element_type=\"widget\" data-widget_type=\"icon-list.default\">\n\t\t\t\t<div class=\"elementor-widget-container\">\n\t\t\t\t\t<ul class=\"elementor-icon-list-items elementor-inline-items\">\n\t\t\t\t\t\t\t<li class=\"elementor-icon-list-item elementor-inline-item\">\n\t\t\t\t\t\t\t\t\t\t\t<a href=\"https:\/\/www.facebook.com\/lautrerives\/\" target=\"_blank\">\n\n\t\t\t\t\t\t\t\t\t\t\t\t<span class=\"elementor-icon-list-icon\">\n\t\t\t\t\t\t\t<i aria-hidden=\"true\" class=\"fab fa-facebook\"><\/i>\t\t\t\t\t\t<\/span>\n\t\t\t\t\t\t\t\t\t\t<span class=\"elementor-icon-list-text\">Facebook <\/span>\n\t\t\t\t\t\t\t\t\t\t\t<\/a>\n\t\t\t\t\t\t\t\t\t<\/li>\n\t\t\t\t\t\t\t\t<li class=\"elementor-icon-list-item elementor-inline-item\">\n\t\t\t\t\t\t\t\t\t\t\t<a href=\"https:\/\/www.youtube.com\/@isabellemartial1877\" target=\"_blank\">\n\n\t\t\t\t\t\t\t\t\t\t\t\t<span class=\"elementor-icon-list-icon\">\n\t\t\t\t\t\t\t<i aria-hidden=\"true\" class=\"fab fa-youtube\"><\/i>\t\t\t\t\t\t<\/span>\n\t\t\t\t\t\t\t\t\t\t<span class=\"elementor-icon-list-text\">Youtube<\/span>\n\t\t\t\t\t\t\t\t\t\t\t<\/a>\n\t\t\t\t\t\t\t\t\t<\/li>\n\t\t\t\t\t\t\t\t<li class=\"elementor-icon-list-item elementor-inline-item\">\n\t\t\t\t\t\t\t\t\t\t\t<a href=\"https:\/\/www.instagram.com\/lautrerives_maison_dhotes\/\" target=\"_blank\">\n\n\t\t\t\t\t\t\t\t\t\t\t\t<span class=\"elementor-icon-list-icon\">\n\t\t\t\t\t\t\t<i aria-hidden=\"true\" class=\"fab fa-instagram\"><\/i>\t\t\t\t\t\t<\/span>\n\t\t\t\t\t\t\t\t\t\t<span class=\"elementor-icon-list-text\">Instagram <\/span>\n\t\t\t\t\t\t\t\t\t\t\t<\/a>\n\t\t\t\t\t\t\t\t\t<\/li>\n\t\t\t\t\t\t<\/ul>\n\t\t\t\t<\/div>\n\t\t\t\t<\/div>\n\t\t\t\t\t\t<\/div>\n\t\t\t\t\t<\/div>\n\t\t<\/div>\n\t\t\t\t\t\t\t\t<\/div>\n\t\t\t\t\t<\/div>\n\t\t<\/section>\n\t\t\t\t\t\t\t\t\t<\/div>\n\t\t\t<\/div>\n\t\t\t\t\t<\/div>\n\t\t","protected":false},"excerpt":{"rendered":"<p>Contact &amp; access 06-75-47-01-51 contact@lautrerives.com Isabelle Martial L&#8217;Autre Rives 60 Rue de Cantepau 81 000 Albi Find us FOLLOW US ! Facebook Youtube Instagram<\/p>\n","protected":false},"author":2,"featured_media":3757,"parent":0,"menu_order":0,"comment_status":"closed","ping_status":"closed","template":"","meta":{"footnotes":""},"class_list":["post-3870","page","type-page","status-publish","has-post-thumbnail","hentry"],"acf":[],"yoast_head":"<!-- This site is optimized with the Yoast SEO plugin v21.9.1 - https:\/\/yoast.com\/wordpress\/plugins\/seo\/ -->\n<title>Contact &amp; access - L&#039;Autre Rives, Maison d&#039;h\u00f4tes charme &amp; design \u00e0 Albi<\/title>\n<meta name=\"description\" content=\"Contactez-nous pour obtenir des informations ou pour r\u00e9server votre chambre d&#039;h\u00f4tes \u00e0 l&#039;Autre Rives \u00e0 Albi dans le Tarn.\" \/>\n<meta name=\"robots\" content=\"noindex, follow, max-snippet:-1, max-image-preview:large, max-video-preview:-1\" \/>\n<meta property=\"og:locale\" content=\"en_US\" \/>\n<meta property=\"og:type\" content=\"article\" \/>\n<meta property=\"og:title\" content=\"Contact &amp; access - L&#039;Autre Rives, Maison d&#039;h\u00f4tes charme &amp; design \u00e0 Albi\" \/>\n<meta property=\"og:description\" content=\"Contactez-nous pour obtenir des informations ou pour r\u00e9server votre chambre d&#039;h\u00f4tes \u00e0 l&#039;Autre Rives \u00e0 Albi dans le Tarn.\" \/>\n<meta property=\"og:url\" content=\"https:\/\/lautrerives.comete-prod.com\/en\/contact-access\/\" \/>\n<meta property=\"og:site_name\" content=\"L&#039;Autre Rives\" \/>\n<meta property=\"article:publisher\" content=\"https:\/\/www.facebook.com\/lautrerives\/\" \/>\n<meta property=\"article:modified_time\" content=\"2024-02-05T15:22:42+00:00\" \/>\n<meta property=\"og:image\" content=\"https:\/\/lautrerives.comete-prod.com\/wp-content\/uploads\/2023\/05\/IMG_9985-scaled.jpg\" \/>\n\t<meta property=\"og:image:width\" content=\"1707\" \/>\n\t<meta property=\"og:image:height\" content=\"2560\" \/>\n\t<meta property=\"og:image:type\" content=\"image\/jpeg\" \/>\n<meta name=\"twitter:card\" content=\"summary_large_image\" \/>\n<script type=\"application\/ld+json\" class=\"yoast-schema-graph\">{\"@context\":\"https:\/\/schema.org\",\"@graph\":[{\"@type\":\"WebPage\",\"@id\":\"https:\/\/lautrerives.comete-prod.com\/en\/contact-access\/\",\"url\":\"https:\/\/lautrerives.comete-prod.com\/en\/contact-access\/\",\"name\":\"Contact &amp; access - L&#039;Autre Rives, Maison d&#039;h\u00f4tes charme &amp; design \u00e0 Albi\",\"isPartOf\":{\"@id\":\"http:\/\/lautrerives.comete-prod.com\/en\/#website\"},\"datePublished\":\"2023-06-07T08:13:57+00:00\",\"dateModified\":\"2024-02-05T15:22:42+00:00\",\"description\":\"Contactez-nous pour obtenir des informations ou pour r\u00e9server votre chambre d'h\u00f4tes \u00e0 l'Autre Rives \u00e0 Albi dans le Tarn.\",\"breadcrumb\":{\"@id\":\"https:\/\/lautrerives.comete-prod.com\/en\/contact-access\/#breadcrumb\"},\"inLanguage\":\"en-US\",\"potentialAction\":[{\"@type\":\"ReadAction\",\"target\":[\"https:\/\/lautrerives.comete-prod.com\/en\/contact-access\/\"]}]},{\"@type\":\"BreadcrumbList\",\"@id\":\"https:\/\/lautrerives.comete-prod.com\/en\/contact-access\/#breadcrumb\",\"itemListElement\":[{\"@type\":\"ListItem\",\"position\":1,\"name\":\"Accueil\",\"item\":\"http:\/\/lautrerives.comete-prod.com\/en\/\"},{\"@type\":\"ListItem\",\"position\":2,\"name\":\"Contact &amp; access\"}]},{\"@type\":\"WebSite\",\"@id\":\"http:\/\/lautrerives.comete-prod.com\/en\/#website\",\"url\":\"http:\/\/lautrerives.comete-prod.com\/en\/\",\"name\":\"L'Autre Rives\",\"description\":\"Maison d&#039;h\u00f4tes charme &amp; design \u00e0 Albi\",\"publisher\":{\"@id\":\"http:\/\/lautrerives.comete-prod.com\/en\/#organization\"},\"potentialAction\":[{\"@type\":\"SearchAction\",\"target\":{\"@type\":\"EntryPoint\",\"urlTemplate\":\"http:\/\/lautrerives.comete-prod.com\/en\/?s={search_term_string}\"},\"query-input\":\"required name=search_term_string\"}],\"inLanguage\":\"en-US\"},{\"@type\":\"Organization\",\"@id\":\"http:\/\/lautrerives.comete-prod.com\/en\/#organization\",\"name\":\"L'Autre Rives\",\"url\":\"http:\/\/lautrerives.comete-prod.com\/en\/\",\"logo\":{\"@type\":\"ImageObject\",\"inLanguage\":\"en-US\",\"@id\":\"http:\/\/lautrerives.comete-prod.com\/en\/#\/schema\/logo\/image\/\",\"url\":\"https:\/\/lautrerives.comete-prod.com\/wp-content\/uploads\/2024\/01\/Personnalisez-L-autre-Rives-L-Autre-Rives.png\",\"contentUrl\":\"https:\/\/lautrerives.comete-prod.com\/wp-content\/uploads\/2024\/01\/Personnalisez-L-autre-Rives-L-Autre-Rives.png\",\"width\":283,\"height\":252,\"caption\":\"L'Autre Rives\"},\"image\":{\"@id\":\"http:\/\/lautrerives.comete-prod.com\/en\/#\/schema\/logo\/image\/\"},\"sameAs\":[\"https:\/\/www.facebook.com\/lautrerives\/\",\"https:\/\/www.instagram.com\/lautrerives_maison_dhotes\/\",\"https:\/\/www.youtube.com\/@isabellemartial1877\",\"https:\/\/fr.linkedin.com\/company\/l-autre-rives\"]}]}<\/script>\n<!-- \/ Yoast SEO plugin. -->","yoast_head_json":{"title":"Contact &amp; access - L&#039;Autre Rives, Maison d&#039;h\u00f4tes charme &amp; design \u00e0 Albi","description":"Contactez-nous pour obtenir des informations ou pour r\u00e9server votre chambre d'h\u00f4tes \u00e0 l'Autre Rives \u00e0 Albi dans le Tarn.","robots":{"index":"noindex","follow":"follow","max-snippet":"max-snippet:-1","max-image-preview":"max-image-preview:large","max-video-preview":"max-video-preview:-1"},"og_locale":"en_US","og_type":"article","og_title":"Contact &amp; access - L&#039;Autre Rives, Maison d&#039;h\u00f4tes charme &amp; design \u00e0 Albi","og_description":"Contactez-nous pour obtenir des informations ou pour r\u00e9server votre chambre d'h\u00f4tes \u00e0 l'Autre Rives \u00e0 Albi dans le Tarn.","og_url":"https:\/\/lautrerives.comete-prod.com\/en\/contact-access\/","og_site_name":"L&#039;Autre Rives","article_publisher":"https:\/\/www.facebook.com\/lautrerives\/","article_modified_time":"2024-02-05T15:22:42+00:00","og_image":[{"width":1707,"height":2560,"url":"https:\/\/lautrerives.comete-prod.com\/wp-content\/uploads\/2023\/05\/IMG_9985-scaled.jpg","type":"image\/jpeg"}],"twitter_card":"summary_large_image","schema":{"@context":"https:\/\/schema.org","@graph":[{"@type":"WebPage","@id":"https:\/\/lautrerives.comete-prod.com\/en\/contact-access\/","url":"https:\/\/lautrerives.comete-prod.com\/en\/contact-access\/","name":"Contact &amp; access - L&#039;Autre Rives, Maison d&#039;h\u00f4tes charme &amp; design \u00e0 Albi","isPartOf":{"@id":"http:\/\/lautrerives.comete-prod.com\/en\/#website"},"datePublished":"2023-06-07T08:13:57+00:00","dateModified":"2024-02-05T15:22:42+00:00","description":"Contactez-nous pour obtenir des informations ou pour r\u00e9server votre chambre d'h\u00f4tes \u00e0 l'Autre Rives \u00e0 Albi dans le Tarn.","breadcrumb":{"@id":"https:\/\/lautrerives.comete-prod.com\/en\/contact-access\/#breadcrumb"},"inLanguage":"en-US","potentialAction":[{"@type":"ReadAction","target":["https:\/\/lautrerives.comete-prod.com\/en\/contact-access\/"]}]},{"@type":"BreadcrumbList","@id":"https:\/\/lautrerives.comete-prod.com\/en\/contact-access\/#breadcrumb","itemListElement":[{"@type":"ListItem","position":1,"name":"Accueil","item":"http:\/\/lautrerives.comete-prod.com\/en\/"},{"@type":"ListItem","position":2,"name":"Contact &amp; access"}]},{"@type":"WebSite","@id":"http:\/\/lautrerives.comete-prod.com\/en\/#website","url":"http:\/\/lautrerives.comete-prod.com\/en\/","name":"L'Autre Rives","description":"Maison d&#039;h\u00f4tes charme &amp; design \u00e0 Albi","publisher":{"@id":"http:\/\/lautrerives.comete-prod.com\/en\/#organization"},"potentialAction":[{"@type":"SearchAction","target":{"@type":"EntryPoint","urlTemplate":"http:\/\/lautrerives.comete-prod.com\/en\/?s={search_term_string}"},"query-input":"required name=search_term_string"}],"inLanguage":"en-US"},{"@type":"Organization","@id":"http:\/\/lautrerives.comete-prod.com\/en\/#organization","name":"L'Autre Rives","url":"http:\/\/lautrerives.comete-prod.com\/en\/","logo":{"@type":"ImageObject","inLanguage":"en-US","@id":"http:\/\/lautrerives.comete-prod.com\/en\/#\/schema\/logo\/image\/","url":"https:\/\/lautrerives.comete-prod.com\/wp-content\/uploads\/2024\/01\/Personnalisez-L-autre-Rives-L-Autre-Rives.png","contentUrl":"https:\/\/lautrerives.comete-prod.com\/wp-content\/uploads\/2024\/01\/Personnalisez-L-autre-Rives-L-Autre-Rives.png","width":283,"height":252,"caption":"L'Autre Rives"},"image":{"@id":"http:\/\/lautrerives.comete-prod.com\/en\/#\/schema\/logo\/image\/"},"sameAs":["https:\/\/www.facebook.com\/lautrerives\/","https:\/\/www.instagram.com\/lautrerives_maison_dhotes\/","https:\/\/www.youtube.com\/@isabellemartial1877","https:\/\/fr.linkedin.com\/company\/l-autre-rives"]}]}},"_links":{"self":[{"href":"https:\/\/lautrerives.comete-prod.com\/en\/wp-json\/wp\/v2\/pages\/3870","targetHints":{"allow":["GET"]}}],"collection":[{"href":"https:\/\/lautrerives.comete-prod.com\/en\/wp-json\/wp\/v2\/pages"}],"about":[{"href":"https:\/\/lautrerives.comete-prod.com\/en\/wp-json\/wp\/v2\/types\/page"}],"author":[{"embeddable":true,"href":"https:\/\/lautrerives.comete-prod.com\/en\/wp-json\/wp\/v2\/users\/2"}],"replies":[{"embeddable":true,"href":"https:\/\/lautrerives.comete-prod.com\/en\/wp-json\/wp\/v2\/comments?post=3870"}],"version-history":[{"count":7,"href":"https:\/\/lautrerives.comete-prod.com\/en\/wp-json\/wp\/v2\/pages\/3870\/revisions"}],"predecessor-version":[{"id":5504,"href":"https:\/\/lautrerives.comete-prod.com\/en\/wp-json\/wp\/v2\/pages\/3870\/revisions\/5504"}],"wp:featuredmedia":[{"embeddable":true,"href":"https:\/\/lautrerives.comete-prod.com\/en\/wp-json\/wp\/v2\/media\/3757"}],"wp:attachment":[{"href":"https:\/\/lautrerives.comete-prod.com\/en\/wp-json\/wp\/v2\/media?parent=3870"}],"curies":[{"name":"wp","href":"https:\/\/api.w.org\/{rel}","templated":true}]}}