{"id":5342,"date":"2024-02-01T17:44:42","date_gmt":"2024-02-01T16:44:42","guid":{"rendered":"https:\/\/lautrerives.comete-prod.com\/booking\/"},"modified":"2024-02-05T16:21:38","modified_gmt":"2024-02-05T15:21:38","slug":"booking","status":"publish","type":"page","link":"https:\/\/lautrerives.comete-prod.com\/en\/booking\/","title":{"rendered":"Booking"},"content":{"rendered":"\t\t<div data-elementor-type=\"wp-page\" data-elementor-id=\"5342\" class=\"elementor elementor-5342 elementor-4979\">\n\t\t\t\t\t\t<div class=\"elementor-inner\">\n\t\t\t\t<div class=\"elementor-section-wrap\">\n\t\t\t\t\t\t\t\t\t<section class=\"elementor-section elementor-top-section elementor-element elementor-element-5f95d2c2 elementor-section-full_width elementor-section-height-min-height elementor-section-items-top elementor-section-height-default\" data-id=\"5f95d2c2\" data-element_type=\"section\" data-settings=\"{&quot;background_background&quot;:&quot;gradient&quot;}\">\n\t\t\t\t\t\t\t<div class=\"elementor-background-overlay\"><\/div>\n\t\t\t\t\t\t\t<div class=\"elementor-container elementor-column-gap-default\">\n\t\t\t\t\t\t\t<div class=\"elementor-row\">\n\t\t\t\t\t<div class=\"elementor-column elementor-col-100 elementor-top-column elementor-element elementor-element-4b2e0296\" data-id=\"4b2e0296\" data-element_type=\"column\" data-settings=\"{&quot;background_background&quot;:&quot;classic&quot;}\" data-e-bg-lazyload=\".elementor-element-populated\">\n\t\t\t<div class=\"elementor-column-wrap elementor-element-populated\">\n\t\t\t\t\t\t\t<div class=\"elementor-widget-wrap\">\n\t\t\t\t\t\t<div class=\"elementor-element elementor-element-7ca8a756 animated-slow elementor-invisible elementor-widget elementor-widget-theme-site-logo elementor-widget-image\" data-id=\"7ca8a756\" data-element_type=\"widget\" data-settings=\"{&quot;_animation&quot;:&quot;zoomIn&quot;}\" data-widget_type=\"theme-site-logo.default\">\n\t\t\t\t<div class=\"elementor-widget-container\">\n\t\t\t\t\t\t\t\t<div class=\"elementor-image\">\n\t\t\t\t\t\t\t\t<a href=\"https:\/\/lautrerives.comete-prod.com\/en\/\">\n\t\t\t<img fetchpriority=\"high\" decoding=\"async\" width=\"298\" height=\"200\" src=\"https:\/\/lautrerives.comete-prod.com\/wp-content\/uploads\/2023\/04\/lautre-rives-logo-chambre-d-hotes-albi.png\" class=\"attachment-large size-large wp-image-403\" alt=\"\" \/>\t\t\t\t<\/a>\n\t\t\t\t\t\t\t\t\t\t<\/div>\n\t\t\t\t\t\t<\/div>\n\t\t\t\t<\/div>\n\t\t\t\t\t\t<\/div>\n\t\t\t\t\t<\/div>\n\t\t<\/div>\n\t\t\t\t\t\t\t\t<\/div>\n\t\t\t\t\t<\/div>\n\t\t<\/section>\n\t\t\t\t<section class=\"elementor-section elementor-top-section elementor-element elementor-element-98404b3 elementor-section-boxed elementor-section-height-default elementor-section-height-default\" data-id=\"98404b3\" data-element_type=\"section\" data-settings=\"{&quot;background_background&quot;:&quot;classic&quot;}\">\n\t\t\t\t\t\t<div class=\"elementor-container elementor-column-gap-default\">\n\t\t\t\t\t\t\t<div class=\"elementor-row\">\n\t\t\t\t\t<div class=\"elementor-column elementor-col-100 elementor-top-column elementor-element elementor-element-22d70c6\" data-id=\"22d70c6\" data-element_type=\"column\">\n\t\t\t<div class=\"elementor-column-wrap elementor-element-populated\">\n\t\t\t\t\t\t\t<div class=\"elementor-widget-wrap\">\n\t\t\t\t\t\t<div class=\"elementor-element elementor-element-984c384 e-transform elementor-widget-divider--view-line elementor-invisible elementor-widget elementor-widget-divider\" data-id=\"984c384\" data-element_type=\"widget\" data-settings=\"{&quot;_transform_rotateZ_effect&quot;:{&quot;unit&quot;:&quot;px&quot;,&quot;size&quot;:90,&quot;sizes&quot;:[]},&quot;_animation&quot;:&quot;fadeInDown&quot;,&quot;_transform_rotateZ_effect_widescreen&quot;:{&quot;unit&quot;:&quot;deg&quot;,&quot;size&quot;:&quot;&quot;,&quot;sizes&quot;:[]},&quot;_transform_rotateZ_effect_laptop&quot;:{&quot;unit&quot;:&quot;deg&quot;,&quot;size&quot;:&quot;&quot;,&quot;sizes&quot;:[]},&quot;_transform_rotateZ_effect_tablet_extra&quot;:{&quot;unit&quot;:&quot;deg&quot;,&quot;size&quot;:&quot;&quot;,&quot;sizes&quot;:[]},&quot;_transform_rotateZ_effect_tablet&quot;:{&quot;unit&quot;:&quot;deg&quot;,&quot;size&quot;:&quot;&quot;,&quot;sizes&quot;:[]},&quot;_transform_rotateZ_effect_mobile_extra&quot;:{&quot;unit&quot;:&quot;deg&quot;,&quot;size&quot;:&quot;&quot;,&quot;sizes&quot;:[]},&quot;_transform_rotateZ_effect_mobile&quot;:{&quot;unit&quot;:&quot;deg&quot;,&quot;size&quot;:&quot;&quot;,&quot;sizes&quot;:[]}}\" data-widget_type=\"divider.default\">\n\t\t\t\t<div class=\"elementor-widget-container\">\n\t\t\t\t\t<div class=\"elementor-divider\">\n\t\t\t<span class=\"elementor-divider-separator\">\n\t\t\t\t\t\t<\/span>\n\t\t<\/div>\n\t\t\t\t<\/div>\n\t\t\t\t<\/div>\n\t\t\t\t\t\t<\/div>\n\t\t\t\t\t<\/div>\n\t\t<\/div>\n\t\t\t\t\t\t\t\t<\/div>\n\t\t\t\t\t<\/div>\n\t\t<\/section>\n\t\t\t\t<section class=\"elementor-section elementor-top-section elementor-element elementor-element-c65f366 elementor-section-full_width elementor-section-height-default elementor-section-height-default\" data-id=\"c65f366\" data-element_type=\"section\" data-settings=\"{&quot;background_background&quot;:&quot;classic&quot;}\">\n\t\t\t\t\t\t<div class=\"elementor-container elementor-column-gap-default\">\n\t\t\t\t\t\t\t<div class=\"elementor-row\">\n\t\t\t\t\t<div class=\"elementor-column elementor-col-100 elementor-top-column elementor-element elementor-element-ef71420\" data-id=\"ef71420\" data-element_type=\"column\">\n\t\t\t<div class=\"elementor-column-wrap elementor-element-populated\">\n\t\t\t\t\t\t\t<div class=\"elementor-widget-wrap\">\n\t\t\t\t\t\t<div class=\"elementor-element elementor-element-ff5d8ba animated-slow elementor-invisible elementor-widget elementor-widget-heading\" data-id=\"ff5d8ba\" data-element_type=\"widget\" data-settings=\"{&quot;_animation&quot;:&quot;fadeInDown&quot;}\" data-widget_type=\"heading.default\">\n\t\t\t\t<div class=\"elementor-widget-container\">\n\t\t\t<h1 class=\"elementor-heading-title elementor-size-default\">Booking<\/h1>\t\t<\/div>\n\t\t\t\t<\/div>\n\t\t\t\t<div class=\"elementor-element elementor-element-6f3106f elementor-widget__width-initial elementor-widget elementor-widget-text-editor\" data-id=\"6f3106f\" data-element_type=\"widget\" data-widget_type=\"text-editor.default\">\n\t\t\t\t<div class=\"elementor-widget-container\">\n\t\t\t\t\t\t\t\t<div class=\"elementor-text-editor elementor-clearfix\">\n\t\t\t\t<p>You can also relax in the lounge, by the fire in winter and enjoy our library. Why not take a stroll in the garden by the swimming pool, relax in the sauna or even get fit in the gym.<\/p>\n<p><strong>Ready for a visit ?<\/strong><\/p>\n\t\t\t\t\t<\/div>\n\t\t\t\t\t\t<\/div>\n\t\t\t\t<\/div>\n\t\t\t\t\t\t<\/div>\n\t\t\t\t\t<\/div>\n\t\t<\/div>\n\t\t\t\t\t\t\t\t<\/div>\n\t\t\t\t\t<\/div>\n\t\t<\/section>\n\t\t\t\t<section class=\"elementor-section elementor-top-section elementor-element elementor-element-56f0a67 elementor-section-full_width elementor-section-height-min-height elementor-section-items-top elementor-section-height-default\" data-id=\"56f0a67\" data-element_type=\"section\" data-settings=\"{&quot;background_background&quot;:&quot;classic&quot;}\">\n\t\t\t\t\t\t\t<div class=\"elementor-background-overlay\"><\/div>\n\t\t\t\t\t\t\t<div class=\"elementor-container elementor-column-gap-default\">\n\t\t\t\t\t\t\t<div class=\"elementor-row\">\n\t\t\t\t\t<div class=\"elementor-column elementor-col-100 elementor-top-column elementor-element elementor-element-496b2a4\" data-id=\"496b2a4\" data-element_type=\"column\">\n\t\t\t<div class=\"elementor-column-wrap elementor-element-populated\">\n\t\t\t\t\t\t\t<div class=\"elementor-widget-wrap\">\n\t\t\t\t\t\t<div class=\"elementor-element elementor-element-2ecfbf9 elementor-widget elementor-widget-html\" data-id=\"2ecfbf9\" data-element_type=\"widget\" data-widget_type=\"html.default\">\n\t\t\t\t<div class=\"elementor-widget-container\">\n\t\t\t<!-- d\u00e9but ke-booking -->\n<div id=\"ke-booking-ibe-frame\" style=\"width:100%;height:900px\">\n<script src=\"https:\/\/widgets.ke-booking.com\/fr\/booking\/engine\/v3\/js\/Pfb8f207497bebc18b394b46d\/ke-booking.js\" type=\"text\/javascript\"><\/script>\n<\/div>\n<!-- fin ke-booking -->\t\t<\/div>\n\t\t\t\t<\/div>\n\t\t\t\t\t\t<\/div>\n\t\t\t\t\t<\/div>\n\t\t<\/div>\n\t\t\t\t\t\t\t\t<\/div>\n\t\t\t\t\t<\/div>\n\t\t<\/section>\n\t\t\t\t\t\t\t\t\t<\/div>\n\t\t\t<\/div>\n\t\t\t\t\t<\/div>\n\t\t","protected":false},"excerpt":{"rendered":"<p>Booking You can also relax in the lounge, by the fire in winter and enjoy our library. Why not take a stroll in the garden by the swimming pool, relax in the sauna or even get fit in the gym. Ready for a visit ?<\/p>\n","protected":false},"author":1,"featured_media":3627,"parent":0,"menu_order":0,"comment_status":"closed","ping_status":"closed","template":"","meta":{"footnotes":""},"class_list":["post-5342","page","type-page","status-publish","has-post-thumbnail","hentry"],"acf":[],"yoast_head":"<!-- This site is optimized with the Yoast SEO plugin v21.9.1 - https:\/\/yoast.com\/wordpress\/plugins\/seo\/ -->\n<title>Booking - L&#039;Autre Rives Maison d&#039;h\u00f4tes charme &amp; design \u00e0 Albi<\/title>\n<meta name=\"description\" content=\"R\u00e9servez en direct et au meilleur tarif garanti votre chambre d&#039;h\u00f4tes \u00e0 la maison d&#039;h\u00f4tes L&#039;Autre Rives \u00e0 Albi dans le Tarn.\" \/>\n<meta name=\"robots\" content=\"noindex, follow, max-snippet:-1, max-image-preview:large, max-video-preview:-1\" \/>\n<meta property=\"og:locale\" content=\"en_US\" \/>\n<meta property=\"og:type\" content=\"article\" \/>\n<meta property=\"og:title\" content=\"Booking - L&#039;Autre Rives Maison d&#039;h\u00f4tes charme &amp; design \u00e0 Albi\" \/>\n<meta property=\"og:description\" content=\"R\u00e9servez en direct et au meilleur tarif garanti votre chambre d&#039;h\u00f4tes \u00e0 la maison d&#039;h\u00f4tes L&#039;Autre Rives \u00e0 Albi dans le Tarn.\" \/>\n<meta property=\"og:url\" content=\"http:\/\/lautrerives.comete-prod.com\/en\/booking\/\" \/>\n<meta property=\"og:site_name\" content=\"L&#039;Autre Rives\" \/>\n<meta property=\"article:publisher\" content=\"https:\/\/www.facebook.com\/lautrerives\/\" \/>\n<meta property=\"article:modified_time\" content=\"2024-02-05T15:21:38+00:00\" \/>\n<meta property=\"og:image\" content=\"http:\/\/lautrerives.comete-prod.com\/wp-content\/uploads\/2023\/04\/p-comm-232-scaled.jpg\" \/>\n\t<meta property=\"og:image:width\" content=\"2560\" \/>\n\t<meta property=\"og:image:height\" content=\"1707\" \/>\n\t<meta property=\"og:image:type\" content=\"image\/jpeg\" \/>\n<meta name=\"twitter:card\" content=\"summary_large_image\" \/>\n<script type=\"application\/ld+json\" class=\"yoast-schema-graph\">{\"@context\":\"https:\/\/schema.org\",\"@graph\":[{\"@type\":\"WebPage\",\"@id\":\"http:\/\/lautrerives.comete-prod.com\/en\/booking\/\",\"url\":\"http:\/\/lautrerives.comete-prod.com\/en\/booking\/\",\"name\":\"Booking - L&#039;Autre Rives Maison d&#039;h\u00f4tes charme &amp; design \u00e0 Albi\",\"isPartOf\":{\"@id\":\"http:\/\/lautrerives.comete-prod.com\/en\/#website\"},\"datePublished\":\"2024-02-01T16:44:42+00:00\",\"dateModified\":\"2024-02-05T15:21:38+00:00\",\"description\":\"R\u00e9servez en direct et au meilleur tarif garanti votre chambre d'h\u00f4tes \u00e0 la maison d'h\u00f4tes L'Autre Rives \u00e0 Albi dans le Tarn.\",\"breadcrumb\":{\"@id\":\"http:\/\/lautrerives.comete-prod.com\/en\/booking\/#breadcrumb\"},\"inLanguage\":\"en-US\",\"potentialAction\":[{\"@type\":\"ReadAction\",\"target\":[\"http:\/\/lautrerives.comete-prod.com\/en\/booking\/\"]}]},{\"@type\":\"BreadcrumbList\",\"@id\":\"http:\/\/lautrerives.comete-prod.com\/en\/booking\/#breadcrumb\",\"itemListElement\":[{\"@type\":\"ListItem\",\"position\":1,\"name\":\"Accueil\",\"item\":\"http:\/\/lautrerives.comete-prod.com\/en\/\"},{\"@type\":\"ListItem\",\"position\":2,\"name\":\"Booking\"}]},{\"@type\":\"WebSite\",\"@id\":\"http:\/\/lautrerives.comete-prod.com\/en\/#website\",\"url\":\"http:\/\/lautrerives.comete-prod.com\/en\/\",\"name\":\"L'Autre Rives\",\"description\":\"Maison d&#039;h\u00f4tes charme &amp; design \u00e0 Albi\",\"publisher\":{\"@id\":\"http:\/\/lautrerives.comete-prod.com\/en\/#organization\"},\"potentialAction\":[{\"@type\":\"SearchAction\",\"target\":{\"@type\":\"EntryPoint\",\"urlTemplate\":\"http:\/\/lautrerives.comete-prod.com\/en\/?s={search_term_string}\"},\"query-input\":\"required name=search_term_string\"}],\"inLanguage\":\"en-US\"},{\"@type\":\"Organization\",\"@id\":\"http:\/\/lautrerives.comete-prod.com\/en\/#organization\",\"name\":\"L'Autre Rives\",\"url\":\"http:\/\/lautrerives.comete-prod.com\/en\/\",\"logo\":{\"@type\":\"ImageObject\",\"inLanguage\":\"en-US\",\"@id\":\"http:\/\/lautrerives.comete-prod.com\/en\/#\/schema\/logo\/image\/\",\"url\":\"https:\/\/lautrerives.comete-prod.com\/wp-content\/uploads\/2024\/01\/Personnalisez-L-autre-Rives-L-Autre-Rives.png\",\"contentUrl\":\"https:\/\/lautrerives.comete-prod.com\/wp-content\/uploads\/2024\/01\/Personnalisez-L-autre-Rives-L-Autre-Rives.png\",\"width\":283,\"height\":252,\"caption\":\"L'Autre Rives\"},\"image\":{\"@id\":\"http:\/\/lautrerives.comete-prod.com\/en\/#\/schema\/logo\/image\/\"},\"sameAs\":[\"https:\/\/www.facebook.com\/lautrerives\/\",\"https:\/\/www.instagram.com\/lautrerives_maison_dhotes\/\",\"https:\/\/www.youtube.com\/@isabellemartial1877\",\"https:\/\/fr.linkedin.com\/company\/l-autre-rives\"]}]}<\/script>\n<!-- \/ Yoast SEO plugin. -->","yoast_head_json":{"title":"Booking - L&#039;Autre Rives Maison d&#039;h\u00f4tes charme &amp; design \u00e0 Albi","description":"R\u00e9servez en direct et au meilleur tarif garanti votre chambre d'h\u00f4tes \u00e0 la maison d'h\u00f4tes L'Autre Rives \u00e0 Albi dans le Tarn.","robots":{"index":"noindex","follow":"follow","max-snippet":"max-snippet:-1","max-image-preview":"max-image-preview:large","max-video-preview":"max-video-preview:-1"},"og_locale":"en_US","og_type":"article","og_title":"Booking - L&#039;Autre Rives Maison d&#039;h\u00f4tes charme &amp; design \u00e0 Albi","og_description":"R\u00e9servez en direct et au meilleur tarif garanti votre chambre d'h\u00f4tes \u00e0 la maison d'h\u00f4tes L'Autre Rives \u00e0 Albi dans le Tarn.","og_url":"http:\/\/lautrerives.comete-prod.com\/en\/booking\/","og_site_name":"L&#039;Autre Rives","article_publisher":"https:\/\/www.facebook.com\/lautrerives\/","article_modified_time":"2024-02-05T15:21:38+00:00","og_image":[{"width":2560,"height":1707,"url":"http:\/\/lautrerives.comete-prod.com\/wp-content\/uploads\/2023\/04\/p-comm-232-scaled.jpg","type":"image\/jpeg"}],"twitter_card":"summary_large_image","schema":{"@context":"https:\/\/schema.org","@graph":[{"@type":"WebPage","@id":"http:\/\/lautrerives.comete-prod.com\/en\/booking\/","url":"http:\/\/lautrerives.comete-prod.com\/en\/booking\/","name":"Booking - L&#039;Autre Rives Maison d&#039;h\u00f4tes charme &amp; design \u00e0 Albi","isPartOf":{"@id":"http:\/\/lautrerives.comete-prod.com\/en\/#website"},"datePublished":"2024-02-01T16:44:42+00:00","dateModified":"2024-02-05T15:21:38+00:00","description":"R\u00e9servez en direct et au meilleur tarif garanti votre chambre d'h\u00f4tes \u00e0 la maison d'h\u00f4tes L'Autre Rives \u00e0 Albi dans le Tarn.","breadcrumb":{"@id":"http:\/\/lautrerives.comete-prod.com\/en\/booking\/#breadcrumb"},"inLanguage":"en-US","potentialAction":[{"@type":"ReadAction","target":["http:\/\/lautrerives.comete-prod.com\/en\/booking\/"]}]},{"@type":"BreadcrumbList","@id":"http:\/\/lautrerives.comete-prod.com\/en\/booking\/#breadcrumb","itemListElement":[{"@type":"ListItem","position":1,"name":"Accueil","item":"http:\/\/lautrerives.comete-prod.com\/en\/"},{"@type":"ListItem","position":2,"name":"Booking"}]},{"@type":"WebSite","@id":"http:\/\/lautrerives.comete-prod.com\/en\/#website","url":"http:\/\/lautrerives.comete-prod.com\/en\/","name":"L'Autre Rives","description":"Maison d&#039;h\u00f4tes charme &amp; design \u00e0 Albi","publisher":{"@id":"http:\/\/lautrerives.comete-prod.com\/en\/#organization"},"potentialAction":[{"@type":"SearchAction","target":{"@type":"EntryPoint","urlTemplate":"http:\/\/lautrerives.comete-prod.com\/en\/?s={search_term_string}"},"query-input":"required name=search_term_string"}],"inLanguage":"en-US"},{"@type":"Organization","@id":"http:\/\/lautrerives.comete-prod.com\/en\/#organization","name":"L'Autre Rives","url":"http:\/\/lautrerives.comete-prod.com\/en\/","logo":{"@type":"ImageObject","inLanguage":"en-US","@id":"http:\/\/lautrerives.comete-prod.com\/en\/#\/schema\/logo\/image\/","url":"https:\/\/lautrerives.comete-prod.com\/wp-content\/uploads\/2024\/01\/Personnalisez-L-autre-Rives-L-Autre-Rives.png","contentUrl":"https:\/\/lautrerives.comete-prod.com\/wp-content\/uploads\/2024\/01\/Personnalisez-L-autre-Rives-L-Autre-Rives.png","width":283,"height":252,"caption":"L'Autre Rives"},"image":{"@id":"http:\/\/lautrerives.comete-prod.com\/en\/#\/schema\/logo\/image\/"},"sameAs":["https:\/\/www.facebook.com\/lautrerives\/","https:\/\/www.instagram.com\/lautrerives_maison_dhotes\/","https:\/\/www.youtube.com\/@isabellemartial1877","https:\/\/fr.linkedin.com\/company\/l-autre-rives"]}]}},"_links":{"self":[{"href":"https:\/\/lautrerives.comete-prod.com\/en\/wp-json\/wp\/v2\/pages\/5342","targetHints":{"allow":["GET"]}}],"collection":[{"href":"https:\/\/lautrerives.comete-prod.com\/en\/wp-json\/wp\/v2\/pages"}],"about":[{"href":"https:\/\/lautrerives.comete-prod.com\/en\/wp-json\/wp\/v2\/types\/page"}],"author":[{"embeddable":true,"href":"https:\/\/lautrerives.comete-prod.com\/en\/wp-json\/wp\/v2\/users\/1"}],"replies":[{"embeddable":true,"href":"https:\/\/lautrerives.comete-prod.com\/en\/wp-json\/wp\/v2\/comments?post=5342"}],"version-history":[{"count":1,"href":"https:\/\/lautrerives.comete-prod.com\/en\/wp-json\/wp\/v2\/pages\/5342\/revisions"}],"predecessor-version":[{"id":5343,"href":"https:\/\/lautrerives.comete-prod.com\/en\/wp-json\/wp\/v2\/pages\/5342\/revisions\/5343"}],"wp:featuredmedia":[{"embeddable":true,"href":"https:\/\/lautrerives.comete-prod.com\/en\/wp-json\/wp\/v2\/media\/3627"}],"wp:attachment":[{"href":"https:\/\/lautrerives.comete-prod.com\/en\/wp-json\/wp\/v2\/media?parent=5342"}],"curies":[{"name":"wp","href":"https:\/\/api.w.org\/{rel}","templated":true}]}}